{"id":3932,"date":"2019-11-04T04:48:20","date_gmt":"2019-11-04T03:48:20","guid":{"rendered":"http:\/\/www.delbinosrl.com.ar\/1.0\/?page_id=3932"},"modified":"2023-11-08T08:50:07","modified_gmt":"2023-11-08T11:50:07","slug":"carroceria-y-pintura","status":"publish","type":"page","link":"http:\/\/www.delbinosrl.com.ar\/1.0\/carroceria-y-pintura\/","title":{"rendered":"Carrocer\u00eda y Pintura"},"content":{"rendered":"<p>[vc_row full_width=\u00bbstretch_row\u00bb full_height=\u00bbyes\u00bb][vc_column]<section  id=\"single-69f3970f9db15\" class=\"header-single vertical-flex m0 image-bg   parallax  p0 fullscreen \" style=\"\"><div class=\"background-content\"><img loading=\"lazy\" decoding=\"async\" width=\"1000\" height=\"1000\" src=\"http:\/\/www.delbinosrl.com.ar\/1.0\/wp-content\/uploads\/2019\/11\/select-1.jpg\" class=\"background-image\" alt=\"\" srcset=\"http:\/\/www.delbinosrl.com.ar\/1.0\/wp-content\/uploads\/2019\/11\/select-1.jpg 1000w, http:\/\/www.delbinosrl.com.ar\/1.0\/wp-content\/uploads\/2019\/11\/select-1-150x150.jpg 150w, http:\/\/www.delbinosrl.com.ar\/1.0\/wp-content\/uploads\/2019\/11\/select-1-300x300.jpg 300w, http:\/\/www.delbinosrl.com.ar\/1.0\/wp-content\/uploads\/2019\/11\/select-1-768x768.jpg 768w, http:\/\/www.delbinosrl.com.ar\/1.0\/wp-content\/uploads\/2019\/11\/select-1-60x60.jpg 60w\" sizes=\"auto, (max-width: 1000px) 100vw, 1000px\" \/><div  class=\"background-overlay\"><\/div><\/div><div  class=\"container vertical-flex-column item-content \"><div class=\"row\"><div class=\"standard-slide col-md-10 col-md-offset-1 col-sm-12 text-center\"><h1 class=\"heading-title-bold\">Carrocer\u00eda y Pintura<\/h1><div class=\"heading-content\"><\/div>\n                <\/div><\/div><\/div><\/section>[\/vc_column][\/vc_row][vc_row css=\u00bb.vc_custom_1573795022560{padding-bottom: 0px !important;}\u00bb el_id=\u00bbquienessomos\u00bb][vc_column width=\u00bb2\/3&#8243;]<div class=\"tlg-spacer\" data-height=\"100\" data-height-tablet=\"50\" data-height-mobile=\"25\" style=\"clear:both;display:block;height:100px;\"><\/div><div class=\"headings-title\"><div class=\"mb72 mb16 mb-xs-40 text-center\"><h2  class=\"widgettitle mb0\">Quienes Somos<\/h2><\/div><\/div><div class=\"tlg-spacer\" data-height=\"0\" data-height-tablet=\"50\" data-height-mobile=\"25\" style=\"clear:both;display:block;height:0px;\"><\/div>[vc_column_text]Somos un equipo que conjuga profesionalismo con la m\u00e1s alta tecnolog\u00eda en la regi\u00f3n aplicada a la Carrocer\u00eda y Pintura Automotriz.<\/p>\n<p>Cada trabajo se realiza con estrictos controles de calidad en cada uno de los procesos, reproducci\u00f3n, desarrollo del color y el pintado del veh\u00edculo.[\/vc_column_text][\/vc_column][vc_column width=\u00bb1\/3&#8243;][vc_single_image image=\u00bb4459&#8243; img_size=\u00bbfull\u00bb][\/vc_column][\/vc_row][vc_row full_width=\u00bbstretch_row\u00bb css=\u00bb.vc_custom_1573649067883{background-color: #dd3333 !important;}\u00bb][vc_column][vc_column_text css_animation=\u00bbfadeInUp\u00bb css=\u00bb.vc_custom_1573796094776{padding-top: 0px !important;padding-bottom: 0px !important;}\u00bb]<div class=\"lightbox-gallery lightbox-fullwidth mt16 \" data-gallery-title=\"Carrocer\u00eda y Pintura\"><ul><li><a href=\"http:\/\/www.delbinosrl.com.ar\/1.0\/wp-content\/uploads\/2019\/11\/2.jpg\" data-lightbox=\"true\" data-title=\"\"><div class=\"bg-overlay\">\n\t\t    \t    \t        \t<img decoding=\"async\" src=\"http:\/\/www.delbinosrl.com.ar\/1.0\/wp-content\/uploads\/2019\/11\/2.jpg\" alt=\"gallery-item\" \/>\n\t\t    \t    \t        \t<div class=\"bg-mask mask-white\"><i class=\"ti-plus\"><\/i><\/div>\n\t    \t    \t        \t<\/div>\n\t\t    \t    \t        <\/a><\/li><li><a href=\"http:\/\/www.delbinosrl.com.ar\/1.0\/wp-content\/uploads\/2019\/11\/a-1.png\" data-lightbox=\"true\" data-title=\"\"><div class=\"bg-overlay\">\n\t\t    \t    \t        \t<img decoding=\"async\" src=\"http:\/\/www.delbinosrl.com.ar\/1.0\/wp-content\/uploads\/2019\/11\/a-1.png\" alt=\"gallery-item\" \/>\n\t\t    \t    \t        \t<div class=\"bg-mask mask-white\"><i class=\"ti-plus\"><\/i><\/div>\n\t    \t    \t        \t<\/div>\n\t\t    \t    \t        <\/a><\/li><li><a href=\"http:\/\/www.delbinosrl.com.ar\/1.0\/wp-content\/uploads\/2019\/11\/2-2.jpg\" data-lightbox=\"true\" data-title=\"\"><div class=\"bg-overlay\">\n\t\t    \t    \t        \t<img decoding=\"async\" src=\"http:\/\/www.delbinosrl.com.ar\/1.0\/wp-content\/uploads\/2019\/11\/2-2.jpg\" alt=\"gallery-item\" \/>\n\t\t    \t    \t        \t<div class=\"bg-mask mask-white\"><i class=\"ti-plus\"><\/i><\/div>\n\t    \t    \t        \t<\/div>\n\t\t    \t    \t        <\/a><\/li><li><a href=\"http:\/\/www.delbinosrl.com.ar\/1.0\/wp-content\/uploads\/2019\/11\/3-1.jpg\" data-lightbox=\"true\" data-title=\"\"><div class=\"bg-overlay\">\n\t\t    \t    \t        \t<img decoding=\"async\" src=\"http:\/\/www.delbinosrl.com.ar\/1.0\/wp-content\/uploads\/2019\/11\/3-1.jpg\" alt=\"gallery-item\" \/>\n\t\t    \t    \t        \t<div class=\"bg-mask mask-white\"><i class=\"ti-plus\"><\/i><\/div>\n\t    \t    \t        \t<\/div>\n\t\t    \t    \t        <\/a><\/li><\/ul><\/div>[\/vc_column_text][\/vc_column][\/vc_row][vc_row el_id=\u00bbservicios\u00bb css=\u00bb.vc_custom_1573797907148{background-color: #dd3333 !important;}\u00bb][vc_column css_animation=\u00bbfadeIn\u00bb]<div class=\"tlg-spacer\" data-height=\"50\" data-height-tablet=\"20\" data-height-mobile=\"15\" style=\"clear:both;display:block;height:50px;\"><\/div><div class=\"headings-title\"><div class=\"mb72 mb16 mb-xs-40 text-center\"><h2 style=\"color:#ffffff!important;\" class=\"widgettitle mb0\">NUESTROS SERVICIOS<\/h2><\/div><\/div>[vc_column_text css_animation=\u00bbfadeInUp\u00bb]<\/p>\n<h5 style=\"text-align: center;\"><span style=\"color: #ffffff;\">Contamos con tecnolog\u00eda de punta para lograr la m\u00e1xima precisi\u00f3n en color<br \/>\ny que la reparaci\u00f3n sea imperceptible.<\/span><\/h5>\n<h5 style=\"text-align: center;\"><span style=\"color: #ffffff;\">En nuestra divisi\u00f3n sacabollos recuperamos da\u00f1os de carrocer\u00eda combinando las m\u00e1quinas m\u00e1s avanzadas con la mano de obra artesanal para reparar cualquier da\u00f1o ocasionado por golpes o granizo.<\/span><\/h5>\n<p>[\/vc_column_text]<div class=\"tlg-spacer\" data-height=\"50\" data-height-tablet=\"20\" data-height-mobile=\"15\" style=\"clear:both;display:block;height:50px;\"><\/div>[\/vc_column][\/vc_row][vc_row full_width=\u00bbstretch_row\u00bb css=\u00bb.vc_custom_1573797846656{padding-top: 60px !important;padding-right: 50px !important;padding-bottom: 50px !important;padding-left: 50px !important;background-image: url(http:\/\/www.delbinosrl.com.ar\/1.0\/wp-content\/uploads\/2019\/11\/bg-1.jpg?id=4380) !important;}\u00bb][vc_column css_animation=\u00bbfadeInUp\u00bb width=\u00bb1\/6&#8243;]<div style=\"background-color:#4b4b4d!important;\" class=\"boxed-intro overflow-hidden bg-white \">\n\t\t\t\t\t\t\t<div class=\"intro-image\"><img loading=\"lazy\" decoding=\"async\" width=\"518\" height=\"950\" src=\"http:\/\/www.delbinosrl.com.ar\/1.0\/wp-content\/uploads\/2019\/11\/a.jpg\" class=\"background-image\" alt=\"\" srcset=\"http:\/\/www.delbinosrl.com.ar\/1.0\/wp-content\/uploads\/2019\/11\/a.jpg 518w, http:\/\/www.delbinosrl.com.ar\/1.0\/wp-content\/uploads\/2019\/11\/a-164x300.jpg 164w\" sizes=\"auto, (max-width: 518px) 100vw, 518px\" \/>\n\t\t\t\t\t\t\t<\/div><div class=\"pt32 pb16 pl-32 pr-32\"><h4 style=\"color:#ffffff!important;\" class=\"widgettitle dark-color mb16\">PINTURA Y DETAILING<\/h4><div style=\"color:#ffffff!important;\" class=\"text-color mt8\"><\/p>\n<p style=\"text-align: left;\"><span style=\"color: #ffffff;\">Lampara de secado<br \/>\nmodelo KPM EROOF<\/span><br \/>\n<span style=\"color: #ffffff;\">Sopletes KPM Technology<br \/>\nSP4000 1.3 \/ 1.4 \/ 1.8<\/span><\/div><\/div><\/div>[\/vc_column][vc_column css_animation=\u00bbfadeInDown\u00bb width=\u00bb1\/6&#8243;]<div style=\"background-color:#4b4b4d!important;\" class=\"boxed-intro overflow-hidden bg-white \">\n\t\t\t\t\t\t\t<div class=\"intro-image\"><img loading=\"lazy\" decoding=\"async\" width=\"518\" height=\"846\" src=\"http:\/\/www.delbinosrl.com.ar\/1.0\/wp-content\/uploads\/2019\/11\/b.jpg\" class=\"background-image\" alt=\"\" srcset=\"http:\/\/www.delbinosrl.com.ar\/1.0\/wp-content\/uploads\/2019\/11\/b.jpg 518w, http:\/\/www.delbinosrl.com.ar\/1.0\/wp-content\/uploads\/2019\/11\/b-184x300.jpg 184w\" sizes=\"auto, (max-width: 518px) 100vw, 518px\" \/>\n\t\t\t\t\t\t\t<\/div><div class=\"pt32 pb16 pl-32 pr-32\"><h4 style=\"color:#ffffff!important;\" class=\"widgettitle dark-color mb16\">SISTEMAS DE ILUMINACI\u00d3N Y CONTROL DE CALIDAD<\/h4><div style=\"color:#ffffff!important;\" class=\"text-color mt8\"><span style=\"color: #ffffff;\">Luces para colorimetria<\/span><br \/>\n<span style=\"color: #ffffff;\">y control de calidad<\/span><br \/>\n<span style=\"color: #ffffff;\">ScanGrip Slim light<\/span><br \/>\n<strong><span style=\"color: #ffffff;\">DINAMARCA<\/span><\/strong><\/div><\/div><\/div>[\/vc_column][vc_column css_animation=\u00bbfadeInUp\u00bb width=\u00bb1\/6&#8243;]<div style=\"background-color:#4b4b4d!important;\" class=\"boxed-intro overflow-hidden bg-white \">\n\t\t\t\t\t\t\t<div class=\"intro-image\"><img loading=\"lazy\" decoding=\"async\" width=\"518\" height=\"840\" src=\"http:\/\/www.delbinosrl.com.ar\/1.0\/wp-content\/uploads\/2019\/11\/c.jpg\" class=\"background-image\" alt=\"\" srcset=\"http:\/\/www.delbinosrl.com.ar\/1.0\/wp-content\/uploads\/2019\/11\/c.jpg 518w, http:\/\/www.delbinosrl.com.ar\/1.0\/wp-content\/uploads\/2019\/11\/c-185x300.jpg 185w\" sizes=\"auto, (max-width: 518px) 100vw, 518px\" \/>\n\t\t\t\t\t\t\t<\/div><div class=\"pt32 pb16 pl-32 pr-32\"><h4 style=\"color:#ffffff!important;\" class=\"widgettitle dark-color mb16\">CABINA DE \u00daLTIMA GENERACI\u00d3N<\/h4><div style=\"color:#ffffff!important;\" class=\"text-color mt8\"><\/p>\n<p style=\"text-align: left;\"><span style=\"color: #ffffff;\">Cabina de pintura KPM WP<\/span><br \/>\n<span style=\"color: #ffffff;\">Equipada con un quemador a gas <\/span><span style=\"color: #ffffff;\">y un extractor KPM WP de 10HP<\/span><\/div><\/div><\/div>[\/vc_column][vc_column css_animation=\u00bbfadeInDown\u00bb width=\u00bb1\/6&#8243;]<div style=\"background-color:#4b4b4d!important;\" class=\"boxed-intro overflow-hidden bg-white \">\n\t\t\t\t\t\t\t<div class=\"intro-image\"><img loading=\"lazy\" decoding=\"async\" width=\"518\" height=\"950\" src=\"http:\/\/www.delbinosrl.com.ar\/1.0\/wp-content\/uploads\/2019\/11\/d.jpg\" class=\"background-image\" alt=\"\" srcset=\"http:\/\/www.delbinosrl.com.ar\/1.0\/wp-content\/uploads\/2019\/11\/d.jpg 518w, http:\/\/www.delbinosrl.com.ar\/1.0\/wp-content\/uploads\/2019\/11\/d-164x300.jpg 164w\" sizes=\"auto, (max-width: 518px) 100vw, 518px\" \/>\n\t\t\t\t\t\t\t<\/div><div class=\"pt32 pb16 pl-32 pr-32\"><h4 style=\"color:#ffffff!important;\" class=\"widgettitle dark-color mb16\">AIR CENTER<\/h4><div style=\"color:#ffffff!important;\" class=\"text-color mt8\"><\/p>\n<p style=\"text-align: left;\"><span style=\"color: #ffffff;\">SX 8 <\/span><br \/>\n<span style=\"color: #ffffff;\">BAR SC2 400\/3\/50 <\/span><br \/>\n<span style=\"color: #ffffff;\">Compresor Tornillo\u00a0<\/span><br \/>\n<span style=\"color: #ffffff;\">KAESER<\/span><\/p>\n<p style=\"text-align: left;\"><span style=\"color: #ffffff;\">7.5HP<\/span><\/p>\n<p><\/div><\/div><\/div>[\/vc_column][vc_column css_animation=\u00bbfadeInUp\u00bb width=\u00bb1\/6&#8243;]<div style=\"background-color:#4b4b4d!important;\" class=\"boxed-intro overflow-hidden bg-white \">\n\t\t\t\t\t\t\t<div class=\"intro-image\"><img loading=\"lazy\" decoding=\"async\" width=\"518\" height=\"790\" src=\"http:\/\/www.delbinosrl.com.ar\/1.0\/wp-content\/uploads\/2019\/11\/e.jpg\" class=\"background-image\" alt=\"\" srcset=\"http:\/\/www.delbinosrl.com.ar\/1.0\/wp-content\/uploads\/2019\/11\/e.jpg 518w, http:\/\/www.delbinosrl.com.ar\/1.0\/wp-content\/uploads\/2019\/11\/e-197x300.jpg 197w\" sizes=\"auto, (max-width: 518px) 100vw, 518px\" \/>\n\t\t\t\t\t\t\t<\/div><div class=\"pt32 pb16 pl-32 pr-32\"><h4 style=\"color:#ffffff!important;\" class=\"widgettitle dark-color mb16\">REPARACI\u00d3N ESTRUCTURAL<\/h4><div style=\"color:#ffffff!important;\" class=\"text-color mt8\"><span style=\"color: #ffffff;\">Bancada de estiramiento <\/span><br \/>\n<span style=\"color: #ffffff;\">KPM QREPAIR<\/span><br \/>\n<span style=\"color: #ffffff;\">Full Accesorios<\/span><br \/>\n<span style=\"color: #ffffff;\">Tablero completo con martillos<\/span><br \/>\n<span style=\"color: #ffffff;\">y aguantadores<\/span><br \/>\n<span style=\"color: #ffffff;\">Centro de lijado<\/span><br \/>\n<span style=\"color: #ffffff;\">KPM SHARK <\/span><\/div><\/div><\/div>[\/vc_column][vc_column css_animation=\u00bbfadeInDown\u00bb width=\u00bb1\/6&#8243; css=\u00bb.vc_custom_1573794825084{padding-bottom: 25px !important;}\u00bb]<div style=\"background-color:#4b4b4d!important;\" class=\"boxed-intro overflow-hidden bg-white \">\n\t\t\t\t\t\t\t<div class=\"intro-image\"><img loading=\"lazy\" decoding=\"async\" width=\"518\" height=\"970\" src=\"http:\/\/www.delbinosrl.com.ar\/1.0\/wp-content\/uploads\/2019\/11\/f.jpg\" class=\"background-image\" alt=\"\" srcset=\"http:\/\/www.delbinosrl.com.ar\/1.0\/wp-content\/uploads\/2019\/11\/f.jpg 518w, http:\/\/www.delbinosrl.com.ar\/1.0\/wp-content\/uploads\/2019\/11\/f-160x300.jpg 160w\" sizes=\"auto, (max-width: 518px) 100vw, 518px\" \/>\n\t\t\t\t\t\t\t<\/div><div class=\"pt32 pb16 pl-32 pr-32\"><h4 style=\"color:#ffffff!important;\" class=\"widgettitle dark-color mb16\">REPARACI\u00d3N R\u00c1PIDA Y EST\u00c9TICA<\/h4><div style=\"color:#ffffff!important;\" class=\"text-color mt8\">Sacabollos digital monof\u00e1sico<\/div><\/div><\/div>[\/vc_column][\/vc_row][vc_row css=\u00bb.vc_custom_1573797204181{padding-top: 40px !important;padding-bottom: 40px !important;background-image: url(http:\/\/www.delbinosrl.com.ar\/1.0\/wp-content\/uploads\/2019\/11\/bg2.jpg?id=4467) !important;}\u00bb el_id=\u00bbcontacto\u00bb][vc_column]<div class=\"tlg-spacer\" data-height=\"50\" data-height-tablet=\"20\" data-height-mobile=\"15\" style=\"clear:both;display:block;height:50px;\"><\/div><div class=\"headings-title\"><div class=\"mb72 mb16 mb-xs-40 text-center\"><h2 style=\"color:#ffffff!important;\" class=\"widgettitle mb0\">Contactanos<\/h2><\/div><\/div>[vc_row_inner][vc_column_inner width=\u00bb1\/4&#8243;][\/vc_column_inner][vc_column_inner width=\u00bb1\/2&#8243;]\n<div class=\"wpcf7 no-js\" id=\"wpcf7-f517-o1\" lang=\"en-US\" dir=\"ltr\" data-wpcf7-id=\"517\">\n<div class=\"screen-reader-response\"><p role=\"status\" aria-live=\"polite\" aria-atomic=\"true\"><\/p> <ul><\/ul><\/div>\n<form action=\"\/1.0\/wp-json\/wp\/v2\/pages\/3932#wpcf7-f517-o1\" method=\"post\" class=\"wpcf7-form init\" aria-label=\"Contact form\" novalidate=\"novalidate\" data-status=\"init\">\n<fieldset class=\"hidden-fields-container\"><input type=\"hidden\" name=\"_wpcf7\" value=\"517\" \/><input type=\"hidden\" name=\"_wpcf7_version\" value=\"6.1.5\" \/><input type=\"hidden\" name=\"_wpcf7_locale\" value=\"en_US\" \/><input type=\"hidden\" name=\"_wpcf7_unit_tag\" value=\"wpcf7-f517-o1\" \/><input type=\"hidden\" name=\"_wpcf7_container_post\" value=\"0\" \/><input type=\"hidden\" name=\"_wpcf7_posted_data_hash\" value=\"\" \/>\n<\/fieldset>\n<div class=\"overflow-hidden\">\n\t<div class=\"half-column half-column-left\">\n\t\t<p><span class=\"wpcf7-form-control-wrap\" data-name=\"your-name\"><input size=\"40\" maxlength=\"400\" class=\"wpcf7-form-control wpcf7-text wpcf7-validates-as-required\" aria-required=\"true\" aria-invalid=\"false\" placeholder=\"Nombre y Apellido\" value=\"\" type=\"text\" name=\"your-name\" \/><\/span>\n\t\t<\/p>\n\t<\/div>\n\t<div class=\"half-column half-column-right\">\n\t\t<p><span class=\"wpcf7-form-control-wrap\" data-name=\"your-email\"><input size=\"40\" maxlength=\"400\" class=\"wpcf7-form-control wpcf7-email wpcf7-validates-as-required wpcf7-text wpcf7-validates-as-email\" aria-required=\"true\" aria-invalid=\"false\" placeholder=\"Email\" value=\"\" type=\"email\" name=\"your-email\" \/><\/span>\n\t\t<\/p>\n\t<\/div>\n<\/div>\n<p><span class=\"wpcf7-form-control-wrap\" data-name=\"your-subject\"><input size=\"40\" maxlength=\"400\" class=\"wpcf7-form-control wpcf7-text wpcf7-validates-as-required\" aria-required=\"true\" aria-invalid=\"false\" placeholder=\"Asunto\" value=\"\" type=\"text\" name=\"your-subject\" \/><\/span><span class=\"wpcf7-form-control-wrap\" data-name=\"your-message\"><textarea cols=\"40\" rows=\"10\" maxlength=\"2000\" class=\"wpcf7-form-control wpcf7-textarea\" aria-invalid=\"false\" placeholder=\"Escribinos tu mensaje\" name=\"your-message\"><\/textarea><\/span>\n<\/p>\n<p class=\"alignright small-width\"><input class=\"wpcf7-form-control wpcf7-submit has-spinner\" type=\"submit\" value=\"Enviar mensaje\" \/>\n<\/p><div class=\"wpcf7-response-output\" aria-hidden=\"true\"><\/div>\n<\/form>\n<\/div>\n[\/vc_column_inner][vc_column_inner width=\u00bb1\/4&#8243;][\/vc_column_inner][\/vc_row_inner][\/vc_column][\/vc_row][vc_row][vc_column][vc_column_text]<\/p>\n<p style=\"text-align: center;\"><strong>Delbino Carrocer\u00eda y Pintura<\/strong><br \/>\nRuta 11 \u00b7 Km 479<br \/>\nRecreo, Santa Fe \u00b7 CP 3018<br \/>\nT.\u00a0342\u00a04882507<br \/>\ncarroceriaypintura@delbinosrl.com.ar<\/p>\n<p>[\/vc_column_text][\/vc_column][\/vc_row]<\/p>\n","protected":false},"excerpt":{"rendered":"<p>[vc_row full_width=\u00bbstretch_row\u00bb full_height=\u00bbyes\u00bb][vc_column][\/vc_column][\/vc_row][vc_row css=\u00bb.vc_custom_1573795022560{padding-bottom: 0px !important;}\u00bb el_id=\u00bbquienessomos\u00bb][vc_column width=\u00bb2\/3&#8243;][vc_column_text]Somos un equipo que conjuga profesionalismo con la m\u00e1s&#8230;<\/p>\n","protected":false},"author":1,"featured_media":0,"parent":0,"menu_order":0,"comment_status":"closed","ping_status":"closed","template":"","meta":{"footnotes":""},"class_list":["post-3932","page","type-page","status-publish","hentry"],"_links":{"self":[{"href":"http:\/\/www.delbinosrl.com.ar\/1.0\/wp-json\/wp\/v2\/pages\/3932","targetHints":{"allow":["GET"]}}],"collection":[{"href":"http:\/\/www.delbinosrl.com.ar\/1.0\/wp-json\/wp\/v2\/pages"}],"about":[{"href":"http:\/\/www.delbinosrl.com.ar\/1.0\/wp-json\/wp\/v2\/types\/page"}],"author":[{"embeddable":true,"href":"http:\/\/www.delbinosrl.com.ar\/1.0\/wp-json\/wp\/v2\/users\/1"}],"replies":[{"embeddable":true,"href":"http:\/\/www.delbinosrl.com.ar\/1.0\/wp-json\/wp\/v2\/comments?post=3932"}],"version-history":[{"count":92,"href":"http:\/\/www.delbinosrl.com.ar\/1.0\/wp-json\/wp\/v2\/pages\/3932\/revisions"}],"predecessor-version":[{"id":4520,"href":"http:\/\/www.delbinosrl.com.ar\/1.0\/wp-json\/wp\/v2\/pages\/3932\/revisions\/4520"}],"wp:attachment":[{"href":"http:\/\/www.delbinosrl.com.ar\/1.0\/wp-json\/wp\/v2\/media?parent=3932"}],"curies":[{"name":"wp","href":"https:\/\/api.w.org\/{rel}","templated":true}]}}